{"id":8922,"date":"2023-07-27T13:27:32","date_gmt":"2023-07-27T11:27:32","guid":{"rendered":"https:\/\/edensgarden.cz\/massage\/filipino-massage-reservation\/"},"modified":"2024-04-15T21:46:09","modified_gmt":"2024-04-15T19:46:09","slug":"filipino-massage-reservation","status":"publish","type":"page","link":"https:\/\/edensgarden.cz\/en\/massage\/filipino-massage-reservation\/","title":{"rendered":"Filipino massage &#8211; reservation"},"content":{"rendered":"<p>[et_pb_section fb_built=&#8221;1&#8243; admin_label=&#8221;Header 1&#8243; _builder_version=&#8221;4.24.3&#8243; _module_preset=&#8221;5301bef4-0c22-4564-bb60-d4a55671949c&#8221; background_image=&#8221;https:\/\/edensgarden.cz\/wp-content\/uploads\/2024\/04\/Filipinska-masaz-1.webp&#8221; background_position=&#8221;top_center&#8221; background_vertical_offset=&#8221;49%&#8221; min_height_tablet=&#8221;300px&#8221; min_height_last_edited=&#8221;off|phone&#8221; hover_enabled=&#8221;0&#8243; collapsed=&#8221;off&#8221; global_colors_info=&#8221;{}&#8221; title_text=&#8221;Filip\u00ednsk\u00e1-mas\u00e1\u017e-1&#8243; sticky_enabled=&#8221;0&#8243;][et_pb_row use_custom_gutter=&#8221;on&#8221; gutter_width=&#8221;1&#8243; _builder_version=&#8221;4.20.4&#8243; _module_preset=&#8221;default&#8221; max_width=&#8221;900px&#8221; custom_margin=&#8221;0px||0px||true|false&#8221; custom_margin_tablet=&#8221;0px||0px||true|false&#8221; custom_margin_phone=&#8221;0px||0px||true|false&#8221; custom_margin_last_edited=&#8221;on|desktop&#8221; custom_padding=&#8221;0px||||false|false&#8221; global_colors_info=&#8221;{}&#8221;][et_pb_column type=&#8221;4_4&#8243; _builder_version=&#8221;4.16&#8243; _module_preset=&#8221;default&#8221; global_colors_info=&#8221;{}&#8221;][et_pb_image src=&#8221;\/img\/edens-garden-logonoclaim-wh.svg&#8221; alt=&#8221;Eden&apos;s Garden logo&#8221; title_text=&#8221;Eden&apos;s Garden&#8221; url=&#8221;\/&#8221; show_bottom_space=&#8221;off&#8221; align=&#8221;center&#8221; _builder_version=&#8221;4.23.1&#8243; _module_preset=&#8221;default&#8221; max_width=&#8221;180px&#8221; max_width_tablet=&#8221;160px&#8221; max_width_phone=&#8221;140px&#8221; max_width_last_edited=&#8221;on|phone&#8221; custom_margin=&#8221;||10px||false|false&#8221; custom_margin_tablet=&#8221;20px||||false|false&#8221; custom_margin_phone=&#8221;30px||||false|false&#8221; custom_margin_last_edited=&#8221;on|tablet&#8221; custom_padding=&#8221;|||12px|false|false&#8221; custom_padding_tablet=&#8221;|||10px|false|false&#8221; custom_padding_phone=&#8221;|||2px|false|false&#8221; custom_padding_last_edited=&#8221;on|desktop&#8221; scroll_vertical_motion_enable=&#8221;on&#8221; scroll_vertical_motion=&#8221;0|96|96|100|0|0|-1&#8243; motion_trigger_start=&#8221;top&#8221; global_module=&#8221;6465&#8243; saved_tabs=&#8221;all&#8221; global_colors_info=&#8221;{}&#8221;][\/et_pb_image][et_pb_text _builder_version=&#8221;4.20.2&#8243; _dynamic_attributes=&#8221;content&#8221; _module_preset=&#8221;f6ab2547-11ce-4f17-9af3-4a384be893be&#8221; global_colors_info=&#8221;{}&#8221;]@ET-DC@eyJkeW5hbWljIjp0cnVlLCJjb250ZW50IjoicG9zdF90aXRsZSIsInNldHRpbmdzIjp7ImJlZm9yZSI6IjxoMT4iLCJhZnRlciI6IjxcL2gxPiJ9fQ==@[\/et_pb_text][et_pb_text disabled_on=&#8221;on|on|on&#8221; _builder_version=&#8221;4.21.0&#8243; _module_preset=&#8221;9d367a52-2eb1-43cf-a481-c9f4e37c8f1f&#8221; disabled=&#8221;on&#8221; global_colors_info=&#8221;{}&#8221;]<\/p>\n<p>Pinoy Hilot<\/p>\n<p>[\/et_pb_text][\/et_pb_column][\/et_pb_row][\/et_pb_section][et_pb_section fb_built=&#8221;1&#8243; admin_label=&#8221;4 upout\u00e1vky&#8221; module_id=&#8221;bookly_anchor&#8221; module_class=&#8221;tbvs-section-dark&#8221; _builder_version=&#8221;4.19.4&#8243; _module_preset=&#8221;default&#8221; background_color=&#8221;#111111&#8243; custom_padding=&#8221;30px||30px||true|false&#8221; locked=&#8221;off&#8221; collapsed=&#8221;on&#8221; global_colors_info=&#8221;{}&#8221;][et_pb_row _builder_version=&#8221;4.19.2&#8243; _module_preset=&#8221;default&#8221; global_colors_info=&#8221;{}&#8221;][et_pb_column type=&#8221;4_4&#8243; _builder_version=&#8221;4.19.2&#8243; _module_preset=&#8221;default&#8221; global_colors_info=&#8221;{}&#8221;][et_pb_text admin_label=&#8221;Nadpis Podrobnosti&#8221; _builder_version=&#8221;4.21.0&#8243; _module_preset=&#8221;a2e1cccc-a150-4291-80b3-eb2c4674e1ec&#8221; header_3_text_align=&#8221;left&#8221; locked=&#8221;off&#8221; global_colors_info=&#8221;{}&#8221;]<\/p>\n<h4 style=\"text-align: center;\">Book your favorite<\/h4>\n<h3 style=\"text-align: center;\"><strong>Filipino massage<\/strong><\/h3>\n<p>[\/et_pb_text][et_pb_text _builder_version=&#8221;4.21.0&#8243; _module_preset=&#8221;default&#8221; global_colors_info=&#8221;{}&#8221;]<!--\nPlugin Name: Bookly - Responsive WordPress Appointment Booking and Scheduling Plugin\nPlugin URI: https:\/\/www.booking-wp-plugin.com\/?utm_source=bookly_admin&utm_medium=plugins_page&utm_campaign=plugins_page\nVersion: 27.5-->\n<style type=\"text\/css\">\n    :root {\n        --bookly-main-color: #87ca04 !important;\n        --bookly-color: #87ca04 !important;\n    }\n\n        .bookly-extra-step .bookly-extras-thumb img {\n    max-width: 33%;\n}\n\n@media screen and (max-width: 650px) {\n    .bookly-form ol.bookly-stepper {\n        display: flex !important;\n        list-style: none !important;\n        justify-content: space-between !important;\n        margin: 0px 0px 20px 0px !important;\n        padding: 0px !important;\n        overflow: hidden !important;\n        background: linear-gradient(180deg, #111111 10.9px, #111111 11px, #ffffff 12.9px, #111111 13px) !important;\n    }\n\n    .bookly-form ol.bookly-stepper li {\n        display: grid !important;\n        position: relative !important;\n        outline: 4px solid #333 !important;\n    }\n\n\n    .bookly-js-extras-container {\n        display: flex;\n        flex-direction: column;\n        gap: 3px; \/* Vzd\u00e1lenost mezi prvky *\/\n        width: 100%; \/* \u0160\u00ed\u0159ka kontejneru *\/\n    }\n\n    .bookly-extras-item {\n        flex: 1; \n        display: flex;\n        justify-content: space-between;\n        padding: 1px;\n        min-width: 200px;\n        box-sizing: border-box;\n    }\n\n    .bookly-extras-thumb {\n        display: flex;\n        justify-content: space-between;\n        width: 90%;\n    }\n\n.bookly-extra-step .bookly-extras-thumb img {\n    max-width: 35%;\n    margin: 7px;\n}\n\n}    <\/style><div class=\"bookly-css-root\">\n    <div id=\"bookly-form-container-69ebd1367f72e\" class=\"bookly-form\" data-form_id=\"\" aria-live=\"polite\">\n        <div style=\"text-align: center\"><img decoding=\"async\" src=\"https:\/\/edensgarden.cz\/wp-includes\/js\/tinymce\/skins\/lightgray\/img\/loader.gif\" alt=\"Loading...\"\/><\/div>\n    <\/div>\n<\/div>\n<script type=\"text\/javascript\">\n    (function (win, fn) {\n        var done = false, top = true,\n            doc = win.document,\n            root = doc.documentElement,\n            modern = doc.addEventListener,\n            add = modern ? 'addEventListener' : 'attachEvent',\n            rem = modern ? 'removeEventListener' : 'detachEvent',\n            pre = modern ? '' : 'on',\n            init = function (e) {\n                if (e.type == 'readystatechange') if (doc.readyState != 'complete') return;\n                (e.type == 'load' ? win : doc)[rem](pre + e.type, init, false);\n                if (!done) {\n                    done = true;\n                    fn.call(win, e.type || e);\n                }\n            },\n            poll = function () {\n                try {\n                    root.doScroll('left');\n                } catch (e) {\n                    setTimeout(poll, 50);\n                    return;\n                }\n                init('poll');\n            };\n        if (doc.readyState == 'complete') fn.call(win, 'lazy');\n        else {\n            if (!modern) if (root.doScroll) {\n                try {\n                    top = !win.frameElement;\n                } catch (e) {\n                }\n                if (top) poll();\n            }\n            doc[add](pre + 'DOMContentLoaded', init, false);\n            doc[add](pre + 'readystatechange', init, false);\n            win[add](pre + 'load', init, false);\n        }\n    })(window, function () {\n        window.bookly( {\"form_id\":\"69ebd1367f72e\",\"form_data\":{\"skip_service_step\":0,\"hide_service_part1\":0,\"hide_service_part2\":1,\"defaults\":{\"service_id\":0,\"staff_id\":0,\"location_id\":0,\"category_id\":3,\"units\":0,\"date_from\":0,\"time_from\":0,\"time_to\":0}},\"status\":{\"booking\":\"new\"},\"form_token\":null,\"skip_steps\":{\"service_part1\":0,\"service_part2\":1,\"extras\":0,\"time\":0,\"repeat\":1,\"cart\":1},\"errors\":{\"session_error\":\"Session error.\",\"form_id_error\":\"Form ID error.\",\"cart_item_not_available\":\"The selected time window is no longer available. Please choose another date.\\n\",\"pay_locally_not_available\":\"Pay locally is not available.\",\"invalid_gateway\":\"Invalid gateway.\",\"payment_error\":\"Error.\",\"incorrect_username_password\":\"Incorrect username or password.\"},\"form_attributes\":{\"hide_categories\":true,\"hide_services\":false,\"hide_staff_members\":true,\"show_number_of_persons\":false,\"hide_service_duration\":true,\"hide_locations\":false,\"hide_quantity\":true,\"hide_date\":true,\"hide_week_days\":true,\"hide_time_range\":true,\"const_category_id\":3},\"use_client_time_zone\":0,\"defaults\":{\"service_id\":0,\"staff_id\":0,\"location_id\":0,\"category_id\":3},\"datepicker_mode\":\"text-accent\",\"facebook\":{\"enabled\":0,\"appId\":\"\"},\"step_extras\":\"before_step_time\"} );\n    });\n<\/script>[\/et_pb_text][et_pb_text disabled_on=&#8221;on|on|off&#8221; admin_label=&#8221;Bookly kontakt &#8221; _builder_version=&#8221;4.19.4&#8243; _module_preset=&#8221;default&#8221; header_font=&#8221;Montserrat|700|||||||&#8221; header_text_align=&#8221;center&#8221; global_colors_info=&#8221;{}&#8221;]<\/p>\n<p style=\"text-align: center;\">In case of any questions, problems, etc. , do not hesitate to contact us. Phone: <a href=\"tel:+420777511444\">+420 777 511 444<\/a><\/p>\n<p>[\/et_pb_text][et_pb_text disabled_on=&#8221;off|off|on&#8221; admin_label=&#8221;Bookly kontakt &#8221; _builder_version=&#8221;4.19.4&#8243; _module_preset=&#8221;default&#8221; header_font=&#8221;Montserrat|700|||||||&#8221; header_text_align=&#8221;center&#8221; global_colors_info=&#8221;{}&#8221;]<\/p>\n<p style=\"text-align: center;\">In case of any questions, problems, etc. , do not hesitate to contact us.<\/p>\n<p style=\"text-align: center;\">Phone: <a href=\"tel:+420777511444\">+420 777 511 444<\/a><\/p>\n<p>[\/et_pb_text][\/et_pb_column][\/et_pb_row][\/et_pb_section][et_pb_section fb_built=&#8221;1&#8243; disabled_on=&#8221;off|off|off&#8221; admin_label=&#8221;Druhy mas\u00e1\u017e\u00ed&#8221; module_class=&#8221;tbvs-section-dark&#8221; _builder_version=&#8221;4.19.2&#8243; _module_preset=&#8221;default&#8221; background_color=&#8221;#111111&#8243; custom_padding=&#8221;32px||32px||true|false&#8221; saved_tabs=&#8221;all&#8221; collapsed=&#8221;off&#8221; global_colors_info=&#8221;{}&#8221;][et_pb_row column_structure=&#8221;1_4,1_4,1_4,1_4&#8243; use_custom_gutter=&#8221;on&#8221; gutter_width=&#8221;2&#8243; custom_padding_last_edited=&#8221;on|desktop&#8221; admin_label=&#8221;Row 4 benefits&#8221; _builder_version=&#8221;4.20.4&#8243; _module_preset=&#8221;default&#8221; custom_padding=&#8221;10px||||false|false&#8221; custom_padding_tablet=&#8221;10px||||false|false&#8221; custom_padding_phone=&#8221;10px||||false|false&#8221; hover_transition_duration=&#8221;0ms&#8221; global_module=&#8221;6118&#8243; saved_tabs=&#8221;all&#8221; global_colors_info=&#8221;{}&#8221;][et_pb_column type=&#8221;1_4&#8243; _builder_version=&#8221;4.20.2&#8243; _module_preset=&#8221;default&#8221; global_colors_info=&#8221;{}&#8221;][et_pb_blurb title=&#8221;Massages&#8221; url=&#8221;https:\/\/edensgarden.cz\/en\/massage\/&#8221; image_icon_background_color=&#8221;RGBA(255,255,255,0)&#8221; image=&#8221;https:\/\/edensgarden.cz\/wp-content\/uploads\/2023\/11\/masaz.png&#8221; alt=&#8221;Massages Edens Garden&#8221; image_icon_width=&#8221;98px&#8221; module_class=&#8221;tbvs-blurb&#8221; _builder_version=&#8221;4.23.1&#8243; _module_preset=&#8221;default&#8221; header_level=&#8221;h2&#8243; header_font=&#8221;Titillium Web|600|||||||&#8221; header_font_size=&#8221;21px&#8221; body_font=&#8221;Titillium Web||||||||&#8221; body_font_size=&#8221;18px&#8221; text_orientation=&#8221;center&#8221; background_layout=&#8221;dark&#8221; custom_margin=&#8221;14px||3px||false|false&#8221; custom_padding=&#8221;16px|14px|16px|14px|true|true&#8221; animation=&#8221;off&#8221; hover_transition_duration=&#8221;0ms&#8221; link_option_url=&#8221;https:\/\/edensgarden.cz\/en\/massage\/&#8221; border_radii=&#8221;on|12px|12px|12px|12px&#8221; icon_font_size=&#8221;30px&#8221; use_circle=&#8221;on&#8221; circle_color=&#8221;#0000FF&#8221; global_colors_info=&#8221;{}&#8221; image_icon_background_color__sticky_enabled=&#8221;#87ca04&#8243; image_icon_background_color__sticky=&#8221;#87ca04&#8243; transform_styles__hover_enabled=&#8221;on|hover&#8221; transform_scale__hover_enabled=&#8221;on|hover&#8221; transform_translate__hover_enabled=&#8221;on|hover&#8221; transform_rotate__hover_enabled=&#8221;on|hover&#8221; transform_skew__hover_enabled=&#8221;on|hover&#8221; transform_origin__hover_enabled=&#8221;on|hover&#8221; background__hover_enabled=&#8221;on|hover&#8221; background_color__hover=&#8221;#262626&#8243; background_enable_color__hover=&#8221;on&#8221; transform_scale__hover=&#8221;102%|102%&#8221;]<\/p>\n<p>Treat yourself to relaxation with our massages, which we have selected for you based on our experience.<\/p>\n<p>[\/et_pb_blurb][\/et_pb_column][et_pb_column type=&#8221;1_4&#8243; _builder_version=&#8221;4.20.2&#8243; _module_preset=&#8221;default&#8221; global_colors_info=&#8221;{}&#8221;][et_pb_blurb title=&#8221;Benefits and FKSP&#8221; url=&#8221;https:\/\/edensgarden.cz\/en\/employee-benefits\/&#8221; image_icon_background_color=&#8221;RGBA(255,255,255,0)&#8221; image=&#8221;https:\/\/edensgarden.cz\/wp-content\/uploads\/2023\/05\/benefity.png&#8221; alt=&#8221;Benefits at Edens Garden&#8221; image_icon_width=&#8221;104px&#8221; module_class=&#8221;tbvs-blurb&#8221; _builder_version=&#8221;4.23.1&#8243; _module_preset=&#8221;default&#8221; header_level=&#8221;h2&#8243; header_font=&#8221;Titillium Web|600|||||||&#8221; header_font_size=&#8221;21px&#8221; body_font=&#8221;Titillium Web||||||||&#8221; body_font_size=&#8221;18px&#8221; text_orientation=&#8221;center&#8221; background_layout=&#8221;dark&#8221; custom_margin=&#8221;14px||3px||false|false&#8221; custom_padding=&#8221;16px|14px|16px|14px|true|true&#8221; animation=&#8221;off&#8221; hover_transition_duration=&#8221;0ms&#8221; link_option_url=&#8221;https:\/\/edensgarden.cz\/en\/employee-benefits\/&#8221; border_radii=&#8221;on|12px|12px|12px|12px&#8221; icon_font_size=&#8221;30px&#8221; use_circle=&#8221;on&#8221; circle_color=&#8221;#0000FF&#8221; global_colors_info=&#8221;{}&#8221; image_icon_background_color__sticky_enabled=&#8221;#87ca04&#8243; image_icon_background_color__sticky=&#8221;#87ca04&#8243; transform_styles__hover_enabled=&#8221;on|hover&#8221; transform_scale__hover=&#8221;102%|102%&#8221; transform_scale__hover_enabled=&#8221;on|hover&#8221; transform_translate__hover_enabled=&#8221;on|desktop&#8221; transform_rotate__hover_enabled=&#8221;on|desktop&#8221; transform_skew__hover_enabled=&#8221;on|desktop&#8221; transform_origin__hover_enabled=&#8221;on|desktop&#8221; background_color__hover=&#8221;#262626&#8243; background_enable_color__hover=&#8221;on&#8221; background__hover_enabled=&#8221;on|hover&#8221;]<\/p>\n<p>Payment by Benefits and FKSP? Yes, we can! Do not refuse this great opportunity! And enjoy your relaxation.  <\/p>\n<p>[\/et_pb_blurb][\/et_pb_column][et_pb_column type=&#8221;1_4&#8243; _builder_version=&#8221;4.20.2&#8243; _module_preset=&#8221;default&#8221; global_colors_info=&#8221;{}&#8221;][et_pb_blurb title=&#8221;Gift Cards&#8221; url=&#8221;https:\/\/eshop.edensgarden.cz\/en\/&#8221; url_new_window=&#8221;on&#8221; image_icon_background_color=&#8221;RGBA(255,255,255,0)&#8221; image=&#8221;https:\/\/edensgarden.cz\/wp-content\/uploads\/2023\/11\/karta-150&#215;125-1.png&#8221; alt=&#8221;Gift Cards Edens Garden&#8221; image_icon_width=&#8221;109px&#8221; module_class=&#8221;tbvs-blurb&#8221; _builder_version=&#8221;4.23.1&#8243; _module_preset=&#8221;default&#8221; header_level=&#8221;h2&#8243; header_font=&#8221;Titillium Web|600|||||||&#8221; header_font_size=&#8221;21px&#8221; body_font=&#8221;Titillium Web||||||||&#8221; body_font_size=&#8221;18px&#8221; text_orientation=&#8221;center&#8221; background_layout=&#8221;dark&#8221; custom_margin=&#8221;14px||3px||false|false&#8221; custom_padding=&#8221;16px|14px|16px|14px|true|true&#8221; animation=&#8221;off&#8221; hover_transition_duration=&#8221;0ms&#8221; link_option_url=&#8221;https:\/\/eshop.edensgarden.cz\/en\/&#8221; link_option_url_new_window=&#8221;on&#8221; border_radii=&#8221;on|12px|12px|12px|12px&#8221; icon_font_size=&#8221;30px&#8221; use_circle=&#8221;on&#8221; circle_color=&#8221;#0000FF&#8221; global_colors_info=&#8221;{}&#8221; image_icon_background_color__sticky_enabled=&#8221;#87ca04&#8243; image_icon_background_color__sticky=&#8221;#87ca04&#8243; transform_styles__hover_enabled=&#8221;on|desktop&#8221; transform_scale__hover=&#8221;102%|102%&#8221; transform_scale__hover_enabled=&#8221;on|desktop&#8221; transform_translate__hover_enabled=&#8221;on|desktop&#8221; transform_rotate__hover_enabled=&#8221;on|desktop&#8221; transform_skew__hover_enabled=&#8221;on|desktop&#8221; transform_origin__hover_enabled=&#8221;on|desktop&#8221; background_color__hover=&#8221;#262626&#8243; background_enable_color__hover=&#8221;on&#8221; background__hover_enabled=&#8221;on|hover&#8221;]<\/p>\n<p>Delight your friends, family, colleagues. Give them a gift voucher on high-quality paper in a luxurious envelope.<\/p>\n<p>[\/et_pb_blurb][\/et_pb_column][et_pb_column type=&#8221;1_4&#8243; _builder_version=&#8221;4.20.2&#8243; _module_preset=&#8221;default&#8221; global_colors_info=&#8221;{}&#8221;][et_pb_blurb title=&#8221;Branches&#8221; url=&#8221;https:\/\/edensgarden.cz\/en\/contact\/&#8221; image_icon_background_color=&#8221;RGBA(255,255,255,0)&#8221; image=&#8221;https:\/\/edensgarden.cz\/wp-content\/uploads\/2023\/11\/pobocky.png&#8221; alt=&#8221;Branches Edens Garden&#8221; image_icon_width=&#8221;92px&#8221; module_class=&#8221;tbvs-blurb&#8221; _builder_version=&#8221;4.23.1&#8243; _module_preset=&#8221;default&#8221; header_level=&#8221;h2&#8243; header_font=&#8221;Titillium Web|600|||||||&#8221; header_font_size=&#8221;21px&#8221; body_font=&#8221;Titillium Web||||||||&#8221; body_font_size=&#8221;18px&#8221; text_orientation=&#8221;center&#8221; background_layout=&#8221;dark&#8221; custom_margin=&#8221;14px||3px||false|false&#8221; custom_padding=&#8221;16px|14px|16px|14px|true|true&#8221; animation=&#8221;off&#8221; hover_transition_duration=&#8221;0ms&#8221; link_option_url=&#8221;https:\/\/edensgarden.cz\/en\/contact\/&#8221; border_radii=&#8221;on|12px|12px|12px|12px&#8221; icon_font_size=&#8221;30px&#8221; use_circle=&#8221;on&#8221; circle_color=&#8221;#0000FF&#8221; global_colors_info=&#8221;{}&#8221; image_icon_background_color__sticky_enabled=&#8221;#87ca04&#8243; image_icon_background_color__sticky=&#8221;#87ca04&#8243; transform_styles__hover_enabled=&#8221;on|desktop&#8221; transform_scale__hover=&#8221;102%|102%&#8221; transform_scale__hover_enabled=&#8221;on|desktop&#8221; transform_translate__hover_enabled=&#8221;on|desktop&#8221; transform_rotate__hover_enabled=&#8221;on|desktop&#8221; transform_skew__hover_enabled=&#8221;on|desktop&#8221; transform_origin__hover_enabled=&#8221;on|desktop&#8221; background_color__hover=&#8221;#262626&#8243; background_enable_color__hover=&#8221;on&#8221; background__hover_enabled=&#8221;on|hover&#8221;]<\/p>\n<p>We look forward to you! We are here for you every day in any weather. Enjoy pain-free relaxation.<\/p>\n<p>[\/et_pb_blurb][\/et_pb_column][\/et_pb_row][\/et_pb_section]<\/p>\n","protected":false},"excerpt":{"rendered":"<p>Pinoy HilotBook your favorite Filipino massage<!--\nPlugin Name: Bookly - Responsive WordPress Appointment Booking and Scheduling Plugin\nPlugin URI: https:\/\/www.booking-wp-plugin.com\/?utm_source=bookly_admin&utm_medium=plugins_page&utm_campaign=plugins_page\nVersion: 27.5-->\n<style type=\"text\/css\">\n    :root {\n        --bookly-main-color: #87ca04 !important;\n        --bookly-color: #87ca04 !important;\n    }\n\n        .bookly-extra-step .bookly-extras-thumb img {\n    max-width: 33%;\n}\n\n@media screen and (max-width: 650px) {\n    .bookly-form ol.bookly-stepper {\n        display: flex !important;\n        list-style: none !important;\n        justify-content: space-between !important;\n        margin: 0px 0px 20px 0px !important;\n        padding: 0px !important;\n        overflow: hidden !important;\n        background: linear-gradient(180deg, #111111 10.9px, #111111 11px, #ffffff 12.9px, #111111 13px) !important;\n    }\n\n    .bookly-form ol.bookly-stepper li {\n        display: grid !important;\n        position: relative !important;\n        outline: 4px solid #333 !important;\n    }\n\n\n    .bookly-js-extras-container {\n        display: flex;\n        flex-direction: column;\n        gap: 3px; \/* Vzd\u00e1lenost mezi prvky *\/\n        width: 100%; \/* \u0160\u00ed\u0159ka kontejneru *\/\n    }\n\n    .bookly-extras-item {\n        flex: 1; \n        display: flex;\n        justify-content: space-between;\n        padding: 1px;\n        min-width: 200px;\n        box-sizing: border-box;\n    }\n\n    .bookly-extras-thumb {\n        display: flex;\n        justify-content: space-between;\n        width: 90%;\n    }\n\n.bookly-extra-step .bookly-extras-thumb img {\n    max-width: 35%;\n    margin: 7px;\n}\n\n}    <\/style><div class=\"bookly-css-root\">\n    <div id=\"bookly-form-container-69ebd136dd066\" class=\"bookly-form\" data-form_id=\"\" aria-live=\"polite\">\n        <div style=\"text-align: center\"><img decoding=\"async\" src=\"https:\/\/edensgarden.cz\/wp-includes\/js\/tinymce\/skins\/lightgray\/img\/loader.gif\" alt=\"Loading...\"\/><\/div>\n    <\/div>\n<\/div>\n<script type=\"text\/javascript\">\n    (function (win, fn) {\n        var done = false, top = true,\n            doc = win.document,\n            root = doc.documentElement,\n            modern = doc.addEventListener,\n            add = modern ? 'addEventListener' : 'attachEvent',\n            rem = modern ? 'removeEventListener' : 'detachEvent',\n            pre = modern ? '' : 'on',\n            init = function (e) {\n                if (e.type == 'readystatechange') if (doc.readyState != 'complete') return;\n                (e.type == 'load' ? win : doc)[rem](pre + e.type, init, false);\n                if (!done) {\n                    done = true;\n                    fn.call(win, e.type || e);\n                }\n            },\n            poll = function () {\n                try {\n                    root.doScroll('left');\n                } catch (e) {\n                    setTimeout(poll, 50);\n                    return;\n                }\n                init('poll');\n            };\n        if (doc.readyState == 'complete') fn.call(win, 'lazy');\n        else {\n            if (!modern) if (root.doScroll) {\n                try {\n                    top = !win.frameElement;\n                } catch (e) {\n                }\n                if (top) poll();\n            }\n            doc[add](pre + 'DOMContentLoaded', init, false);\n            doc[add](pre + 'readystatechange', init, false);\n            win[add](pre + 'load', init, false);\n        }\n    })(window, function () {\n        window.bookly( {\"form_id\":\"69ebd136dd066\",\"form_data\":{\"skip_service_step\":0,\"hide_service_part1\":0,\"hide_service_part2\":1,\"defaults\":{\"service_id\":0,\"staff_id\":0,\"location_id\":0,\"category_id\":3,\"units\":0,\"date_from\":0,\"time_from\":0,\"time_to\":0}},\"status\":{\"booking\":\"new\"},\"form_token\":null,\"skip_steps\":{\"service_part1\":0,\"service_part2\":1,\"extras\":0,\"time\":0,\"repeat\":1,\"cart\":1},\"errors\":{\"session_error\":\"Session error.\",\"form_id_error\":\"Form ID error.\",\"cart_item_not_available\":\"The selected time window is no longer available. Please choose another date.\\n\",\"pay_locally_not_available\":\"Pay locally is not available.\",\"invalid_gateway\":\"Invalid gateway.\",\"payment_error\":\"Error.\",\"incorrect_username_password\":\"Incorrect username or password.\"},\"form_attributes\":{\"hide_categories\":true,\"hide_services\":false,\"hide_staff_members\":true,\"show_number_of_persons\":false,\"hide_service_duration\":true,\"hide_locations\":false,\"hide_quantity\":true,\"hide_date\":true,\"hide_week_days\":true,\"hide_time_range\":true,\"const_category_id\":3},\"use_client_time_zone\":0,\"defaults\":{\"service_id\":0,\"staff_id\":0,\"location_id\":0,\"category_id\":3},\"datepicker_mode\":\"text-accent\",\"facebook\":{\"enabled\":0,\"appId\":\"\"},\"step_extras\":\"before_step_time\"} );\n    });\n<\/script>In case of any questions, problems, etc. , do not hesitate to contact us. Phone: +420 777 511 444In case of any questions, problems, etc. , do not hesitate to contact us. Phone: +420 777 511 444Treat yourself to relaxation with our massages, which we have selected for you based on our experience.Payment by Benefits and FKSP? Yes, we can! Do not refuse this great opportunity! And enjoy your relaxation. Delight your friends, family, colleagues. Give them a gift voucher on high-quality paper in a luxurious envelope.We look forward to you! We are here for you every day in any weather. Enjoy pain-free relaxation.<\/p>\n","protected":false},"author":4,"featured_media":15152,"parent":8270,"menu_order":1,"comment_status":"closed","ping_status":"closed","template":"","meta":{"_et_pb_use_builder":"on","_et_pb_old_content":"","_et_gb_content_width":"","footnotes":""},"class_list":["post-8922","page","type-page","status-publish","has-post-thumbnail","hentry"],"_links":{"self":[{"href":"https:\/\/edensgarden.cz\/en\/wp-json\/wp\/v2\/pages\/8922","targetHints":{"allow":["GET"]}}],"collection":[{"href":"https:\/\/edensgarden.cz\/en\/wp-json\/wp\/v2\/pages"}],"about":[{"href":"https:\/\/edensgarden.cz\/en\/wp-json\/wp\/v2\/types\/page"}],"author":[{"embeddable":true,"href":"https:\/\/edensgarden.cz\/en\/wp-json\/wp\/v2\/users\/4"}],"replies":[{"embeddable":true,"href":"https:\/\/edensgarden.cz\/en\/wp-json\/wp\/v2\/comments?post=8922"}],"version-history":[{"count":0,"href":"https:\/\/edensgarden.cz\/en\/wp-json\/wp\/v2\/pages\/8922\/revisions"}],"up":[{"embeddable":true,"href":"https:\/\/edensgarden.cz\/en\/wp-json\/wp\/v2\/pages\/8270"}],"wp:featuredmedia":[{"embeddable":true,"href":"https:\/\/edensgarden.cz\/en\/wp-json\/wp\/v2\/media\/15152"}],"wp:attachment":[{"href":"https:\/\/edensgarden.cz\/en\/wp-json\/wp\/v2\/media?parent=8922"}],"curies":[{"name":"wp","href":"https:\/\/api.w.org\/{rel}","templated":true}]}}