{"id":20228,"date":"2025-11-06T18:52:00","date_gmt":"2025-11-06T17:52:00","guid":{"rendered":"https:\/\/edensgarden.cz\/other-documents\/"},"modified":"2025-11-06T18:52:03","modified_gmt":"2025-11-06T17:52:03","slug":"other-documents","status":"publish","type":"page","link":"https:\/\/edensgarden.cz\/en\/other-documents\/","title":{"rendered":"Other documents"},"content":{"rendered":"<p>[et_pb_section fb_built=&#8221;1&#8243; admin_label=&#8221;Header 1&#8243; _builder_version=&#8221;4.20.4&#8243; _module_preset=&#8221;5301bef4-0c22-4564-bb60-d4a55671949c&#8221; collapsed=&#8221;on&#8221; global_colors_info=&#8221;{}&#8221;][et_pb_row use_custom_gutter=&#8221;on&#8221; gutter_width=&#8221;1&#8243; _builder_version=&#8221;4.20.4&#8243; _module_preset=&#8221;default&#8221; max_width=&#8221;900px&#8221; custom_margin=&#8221;0px||0px||true|false&#8221; custom_margin_tablet=&#8221;0px||0px||true|false&#8221; custom_margin_phone=&#8221;0px||0px||true|false&#8221; custom_margin_last_edited=&#8221;on|desktop&#8221; custom_padding=&#8221;0px||||false|false&#8221; global_colors_info=&#8221;{}&#8221;][et_pb_column type=&#8221;4_4&#8243; _builder_version=&#8221;4.16&#8243; _module_preset=&#8221;default&#8221; global_colors_info=&#8221;{}&#8221;][et_pb_image src=&#8221;\/img\/edens-garden-logonoclaim-wh.svg&#8221; alt=&#8221;Eden&#039;s Garden logo&#8221; title_text=&#8221;Eden&#039;s Garden&#8221; url=&#8221;\/&#8221; show_bottom_space=&#8221;off&#8221; align=&#8221;center&#8221; _builder_version=&#8221;4.27.0&#8243; _module_preset=&#8221;default&#8221; max_width=&#8221;200px&#8221; max_width_tablet=&#8221;160px&#8221; max_width_phone=&#8221;140px&#8221; max_width_last_edited=&#8221;on|desktop&#8221; custom_margin=&#8221;20px||10px||false|false&#8221; custom_margin_tablet=&#8221;20px||||false|false&#8221; custom_margin_phone=&#8221;30px||||false|false&#8221; custom_margin_last_edited=&#8221;on|desktop&#8221; custom_padding=&#8221;|||12px|false|false&#8221; custom_padding_tablet=&#8221;|||10px|false|false&#8221; custom_padding_phone=&#8221;|||2px|false|false&#8221; custom_padding_last_edited=&#8221;on|desktop&#8221; scroll_vertical_motion_enable=&#8221;on&#8221; scroll_vertical_motion=&#8221;0|96|96|100|0|0|-1&#8243; motion_trigger_start=&#8221;top&#8221; global_module=&#8221;6465&#8243; saved_tabs=&#8221;all&#8221; global_colors_info=&#8221;{}&#8221;][\/et_pb_image][et_pb_text _builder_version=&#8221;4.20.4&#8243; _dynamic_attributes=&#8221;content&#8221; _module_preset=&#8221;f6ab2547-11ce-4f17-9af3-4a384be893be&#8221; global_colors_info=&#8221;{}&#8221;]@ET-DC@eyJkeW5hbWljIjp0cnVlLCJjb250ZW50IjoicG9zdF90aXRsZSIsInNldHRpbmdzIjp7ImJlZm9yZSI6IjxoMT4iLCJhZnRlciI6IjwvaDE+IiwiZW5hYmxlX2h0bWwiOiJvZmYifX0=@[\/et_pb_text][\/et_pb_column][\/et_pb_row][\/et_pb_section][et_pb_section fb_built=&#8221;1&#8243; admin_label=&#8221;Perex&#8221; module_class=&#8221;tbvs-section-dark&#8221; _builder_version=&#8221;4.20.4&#8243; _module_preset=&#8221;default&#8221; background_color=&#8221;#111111&#8243; custom_margin=&#8221;12px||12px||true|&#8221; custom_padding=&#8221;12px||12px||true|false&#8221; collapsed=&#8221;off&#8221; global_colors_info=&#8221;{}&#8221;][et_pb_row use_custom_gutter=&#8221;on&#8221; gutter_width=&#8221;2&#8243; _builder_version=&#8221;4.21.2&#8243; _module_preset=&#8221;default&#8221; module_alignment=&#8221;center&#8221; global_colors_info=&#8221;{}&#8221;][et_pb_column type=&#8221;4_4&#8243; _builder_version=&#8221;4.21.2&#8243; _module_preset=&#8221;default&#8221; global_colors_info=&#8221;{}&#8221;][et_pb_blurb title=&#8221;Withdrawal from the Service Agreement Policy&#8221; image=&#8221;\/img\/edens-garden-symbol.svg&#8221; icon_placement=&#8221;left&#8221; image_icon_width=&#8221;28px&#8221; _builder_version=&#8221;4.27.4&#8243; _module_preset=&#8221;default&#8221; hover_enabled=&#8221;0&#8243; global_colors_info=&#8221;{}&#8221; url=&#8221;https:\/\/edensgarden.cz\/en\/return-policy\/&#8221; header_font=&#8221;||||||||&#8221; header_text_color=&#8221;#87CA04&#8243; header_text_color__hover_enabled=&#8221;on|desktop&#8221; sticky_enabled=&#8221;0&#8243; header_text_color__hover=&#8221;#C4FA59&#8243;][\/et_pb_blurb][et_pb_divider show_divider=&#8221;off&#8221; disabled_on=&#8221;on|off|off&#8221; _builder_version=&#8221;4.21.2&#8243; _module_preset=&#8221;default&#8221; height=&#8221;8px&#8221; global_colors_info=&#8221;{}&#8221;][\/et_pb_divider][\/et_pb_column][\/et_pb_row][\/et_pb_section][et_pb_section fb_built=&#8221;1&#8243; disabled_on=&#8221;off|off|off&#8221; admin_label=&#8221;Druhy mas\u00e1\u017e\u00ed&#8221; module_class=&#8221;tbvs-section-dark&#8221; _builder_version=&#8221;4.19.2&#8243; _module_preset=&#8221;default&#8221; background_color=&#8221;#111111&#8243; custom_padding=&#8221;30px||30px||true|false&#8221; saved_tabs=&#8221;all&#8221; collapsed=&#8221;off&#8221; global_colors_info=&#8221;{}&#8221;][et_pb_row column_structure=&#8221;1_4,1_4,1_4,1_4&#8243; use_custom_gutter=&#8221;on&#8221; gutter_width=&#8221;2&#8243; custom_padding_last_edited=&#8221;on|desktop&#8221; admin_label=&#8221;Row 4 benefits&#8221; _builder_version=&#8221;4.20.4&#8243; _module_preset=&#8221;default&#8221; custom_padding=&#8221;10px||||false|false&#8221; custom_padding_tablet=&#8221;10px||||false|false&#8221; custom_padding_phone=&#8221;10px||||false|false&#8221; hover_transition_duration=&#8221;0ms&#8221; global_module=&#8221;6118&#8243; saved_tabs=&#8221;all&#8221; global_colors_info=&#8221;{}&#8221;][et_pb_column type=&#8221;1_4&#8243; _builder_version=&#8221;4.20.2&#8243; _module_preset=&#8221;default&#8221; global_colors_info=&#8221;{}&#8221;][et_pb_blurb title=&#8221;Massages&#8221; url=&#8221;https:\/\/edensgarden.cz\/en\/massage\/&#8221; image_icon_background_color=&#8221;RGBA(255,255,255,0)&#8221; image=&#8221;https:\/\/edensgarden.cz\/wp-content\/uploads\/2023\/11\/masaz.png&#8221; alt=&#8221;Massages Edens Garden&#8221; image_icon_width=&#8221;98px&#8221; module_class=&#8221;tbvs-blurb&#8221; _builder_version=&#8221;4.27.0&#8243; _module_preset=&#8221;default&#8221; header_level=&#8221;h3&#8243; header_font=&#8221;Titillium Web|600|||||||&#8221; header_font_size=&#8221;21px&#8221; body_font=&#8221;Titillium Web||||||||&#8221; body_font_size=&#8221;18px&#8221; text_orientation=&#8221;center&#8221; background_layout=&#8221;dark&#8221; custom_margin=&#8221;14px||3px||false|false&#8221; custom_padding=&#8221;16px|14px|16px|14px|true|true&#8221; animation=&#8221;off&#8221; hover_transition_duration=&#8221;0ms&#8221; link_option_url=&#8221;https:\/\/edensgarden.cz\/en\/massage\/&#8221; border_radii=&#8221;on|12px|12px|12px|12px&#8221; icon_font_size=&#8221;30px&#8221; use_circle=&#8221;on&#8221; circle_color=&#8221;#0000FF&#8221; global_colors_info=&#8221;{}&#8221; image_icon_background_color__sticky_enabled=&#8221;#87ca04&#8243; image_icon_background_color__sticky=&#8221;#87ca04&#8243; transform_styles__hover_enabled=&#8221;on|hover&#8221; transform_scale__hover_enabled=&#8221;on|hover&#8221; transform_translate__hover_enabled=&#8221;on|hover&#8221; transform_rotate__hover_enabled=&#8221;on|hover&#8221; transform_skew__hover_enabled=&#8221;on|hover&#8221; transform_origin__hover_enabled=&#8221;on|hover&#8221; background__hover_enabled=&#8221;on|hover&#8221; background_color__hover=&#8221;#262626&#8243; background_enable_color__hover=&#8221;on&#8221; transform_scale__hover=&#8221;102%|102%&#8221;]<\/p>\n<p>Treat yourself to relaxation with our massages, which we have selected for you based on our experience.<\/p>\n<p>[\/et_pb_blurb][\/et_pb_column][et_pb_column type=&#8221;1_4&#8243; _builder_version=&#8221;4.20.2&#8243; _module_preset=&#8221;default&#8221; global_colors_info=&#8221;{}&#8221;][et_pb_blurb title=&#8221;Benefits and FKSP&#8221; url=&#8221;https:\/\/edensgarden.cz\/en\/employee-benefits\/&#8221; image_icon_background_color=&#8221;RGBA(255,255,255,0)&#8221; image=&#8221;https:\/\/edensgarden.cz\/wp-content\/uploads\/2023\/05\/benefity.png&#8221; alt=&#8221;Benefits at Edens Garden&#8221; image_icon_width=&#8221;104px&#8221; module_class=&#8221;tbvs-blurb&#8221; _builder_version=&#8221;4.27.0&#8243; _module_preset=&#8221;default&#8221; header_level=&#8221;h3&#8243; header_font=&#8221;Titillium Web|600|||||||&#8221; header_font_size=&#8221;21px&#8221; body_font=&#8221;Titillium Web||||||||&#8221; body_font_size=&#8221;18px&#8221; text_orientation=&#8221;center&#8221; background_layout=&#8221;dark&#8221; custom_margin=&#8221;14px||3px||false|false&#8221; custom_padding=&#8221;16px|14px|16px|14px|true|true&#8221; animation=&#8221;off&#8221; hover_transition_duration=&#8221;0ms&#8221; link_option_url=&#8221;https:\/\/edensgarden.cz\/en\/employee-benefits\/&#8221; border_radii=&#8221;on|12px|12px|12px|12px&#8221; icon_font_size=&#8221;30px&#8221; use_circle=&#8221;on&#8221; circle_color=&#8221;#0000FF&#8221; global_colors_info=&#8221;{}&#8221; image_icon_background_color__sticky_enabled=&#8221;#87ca04&#8243; image_icon_background_color__sticky=&#8221;#87ca04&#8243; transform_styles__hover_enabled=&#8221;on|hover&#8221; transform_scale__hover=&#8221;102%|102%&#8221; transform_scale__hover_enabled=&#8221;on|hover&#8221; transform_translate__hover_enabled=&#8221;on|desktop&#8221; transform_rotate__hover_enabled=&#8221;on|desktop&#8221; transform_skew__hover_enabled=&#8221;on|desktop&#8221; transform_origin__hover_enabled=&#8221;on|desktop&#8221; background_color__hover=&#8221;#262626&#8243; background_enable_color__hover=&#8221;on&#8221; background__hover_enabled=&#8221;on|hover&#8221;]<\/p>\n<p>Payment by Benefits and FKSP? Yes, we can! Do not refuse this great opportunity! And enjoy your relaxation.  <\/p>\n<p>[\/et_pb_blurb][\/et_pb_column][et_pb_column type=&#8221;1_4&#8243; _builder_version=&#8221;4.20.2&#8243; _module_preset=&#8221;default&#8221; global_colors_info=&#8221;{}&#8221;][et_pb_blurb title=&#8221;Gift Cards&#8221; url=&#8221;https:\/\/eshop.edensgarden.cz&#8221; url_new_window=&#8221;on&#8221; image_icon_background_color=&#8221;RGBA(255,255,255,0)&#8221; image=&#8221;https:\/\/edensgarden.cz\/wp-content\/uploads\/2023\/11\/karta-150&#215;125-1.png&#8221; alt=&#8221;Gift Cards Edens Garden&#8221; image_icon_width=&#8221;109px&#8221; module_class=&#8221;tbvs-blurb&#8221; _builder_version=&#8221;4.27.0&#8243; _module_preset=&#8221;default&#8221; header_level=&#8221;h3&#8243; header_font=&#8221;Titillium Web|600|||||||&#8221; header_font_size=&#8221;21px&#8221; body_font=&#8221;Titillium Web||||||||&#8221; body_font_size=&#8221;18px&#8221; text_orientation=&#8221;center&#8221; background_layout=&#8221;dark&#8221; custom_margin=&#8221;14px||3px||false|false&#8221; custom_padding=&#8221;16px|14px|16px|14px|true|true&#8221; animation=&#8221;off&#8221; hover_transition_duration=&#8221;0ms&#8221; link_option_url=&#8221;https:\/\/eshop.edensgarden.cz&#8221; link_option_url_new_window=&#8221;on&#8221; border_radii=&#8221;on|12px|12px|12px|12px&#8221; icon_font_size=&#8221;30px&#8221; use_circle=&#8221;on&#8221; circle_color=&#8221;#0000FF&#8221; global_colors_info=&#8221;{}&#8221; image_icon_background_color__sticky_enabled=&#8221;#87ca04&#8243; image_icon_background_color__sticky=&#8221;#87ca04&#8243; transform_styles__hover_enabled=&#8221;on|desktop&#8221; transform_scale__hover=&#8221;102%|102%&#8221; transform_scale__hover_enabled=&#8221;on|desktop&#8221; transform_translate__hover_enabled=&#8221;on|desktop&#8221; transform_rotate__hover_enabled=&#8221;on|desktop&#8221; transform_skew__hover_enabled=&#8221;on|desktop&#8221; transform_origin__hover_enabled=&#8221;on|desktop&#8221; background_color__hover=&#8221;#262626&#8243; background_enable_color__hover=&#8221;on&#8221; background__hover_enabled=&#8221;on|hover&#8221;]<\/p>\n<p>Delight your friends, family, colleagues. Give them a gift voucher on high-quality paper in a luxurious envelope.<\/p>\n<p>[\/et_pb_blurb][\/et_pb_column][et_pb_column type=&#8221;1_4&#8243; _builder_version=&#8221;4.20.2&#8243; _module_preset=&#8221;default&#8221; global_colors_info=&#8221;{}&#8221;][et_pb_blurb title=&#8221;Branches&#8221; url=&#8221;https:\/\/edensgarden.cz\/en\/contact\/&#8221; image_icon_background_color=&#8221;RGBA(255,255,255,0)&#8221; image=&#8221;https:\/\/edensgarden.cz\/wp-content\/uploads\/2023\/11\/pobocky.png&#8221; alt=&#8221;Branches Edens Garden&#8221; image_icon_width=&#8221;92px&#8221; module_class=&#8221;tbvs-blurb&#8221; _builder_version=&#8221;4.27.0&#8243; _module_preset=&#8221;default&#8221; header_level=&#8221;h3&#8243; header_font=&#8221;Titillium Web|600|||||||&#8221; header_font_size=&#8221;21px&#8221; body_font=&#8221;Titillium Web||||||||&#8221; body_font_size=&#8221;18px&#8221; text_orientation=&#8221;center&#8221; background_layout=&#8221;dark&#8221; custom_margin=&#8221;14px||3px||false|false&#8221; custom_padding=&#8221;16px|14px|16px|14px|true|true&#8221; animation=&#8221;off&#8221; hover_transition_duration=&#8221;0ms&#8221; link_option_url=&#8221;https:\/\/edensgarden.cz\/en\/contact\/&#8221; border_radii=&#8221;on|12px|12px|12px|12px&#8221; icon_font_size=&#8221;30px&#8221; use_circle=&#8221;on&#8221; circle_color=&#8221;#0000FF&#8221; global_colors_info=&#8221;{}&#8221; image_icon_background_color__sticky_enabled=&#8221;#87ca04&#8243; image_icon_background_color__sticky=&#8221;#87ca04&#8243; transform_styles__hover_enabled=&#8221;on|desktop&#8221; transform_scale__hover=&#8221;102%|102%&#8221; transform_scale__hover_enabled=&#8221;on|desktop&#8221; transform_translate__hover_enabled=&#8221;on|desktop&#8221; transform_rotate__hover_enabled=&#8221;on|desktop&#8221; transform_skew__hover_enabled=&#8221;on|desktop&#8221; transform_origin__hover_enabled=&#8221;on|desktop&#8221; background_color__hover=&#8221;#262626&#8243; background_enable_color__hover=&#8221;on&#8221; background__hover_enabled=&#8221;on|hover&#8221;]<\/p>\n<p>We look forward to you! We are here for you every day in any weather. Enjoy pain-free relaxation.<\/p>\n<p>[\/et_pb_blurb][\/et_pb_column][\/et_pb_row][\/et_pb_section]<\/p>\n","protected":false},"excerpt":{"rendered":"<p>Treat yourself to relaxation with our massages, which we have selected for you based on our experience.Payment by Benefits and FKSP? Yes, we can! Do not refuse this great opportunity! And enjoy your relaxation. Delight your friends, family, colleagues. Give them a gift voucher on high-quality paper in a luxurious envelope.We look forward to you! We are here for you every day in any weather. Enjoy pain-free relaxation.<\/p>\n","protected":false},"author":2,"featured_media":0,"parent":0,"menu_order":21,"comment_status":"closed","ping_status":"closed","template":"","meta":{"_et_pb_use_builder":"on","_et_pb_old_content":"","_et_gb_content_width":"","footnotes":""},"class_list":["post-20228","page","type-page","status-publish","hentry"],"_links":{"self":[{"href":"https:\/\/edensgarden.cz\/en\/wp-json\/wp\/v2\/pages\/20228","targetHints":{"allow":["GET"]}}],"collection":[{"href":"https:\/\/edensgarden.cz\/en\/wp-json\/wp\/v2\/pages"}],"about":[{"href":"https:\/\/edensgarden.cz\/en\/wp-json\/wp\/v2\/types\/page"}],"author":[{"embeddable":true,"href":"https:\/\/edensgarden.cz\/en\/wp-json\/wp\/v2\/users\/2"}],"replies":[{"embeddable":true,"href":"https:\/\/edensgarden.cz\/en\/wp-json\/wp\/v2\/comments?post=20228"}],"version-history":[{"count":4,"href":"https:\/\/edensgarden.cz\/en\/wp-json\/wp\/v2\/pages\/20228\/revisions"}],"predecessor-version":[{"id":20232,"href":"https:\/\/edensgarden.cz\/en\/wp-json\/wp\/v2\/pages\/20228\/revisions\/20232"}],"wp:attachment":[{"href":"https:\/\/edensgarden.cz\/en\/wp-json\/wp\/v2\/media?parent=20228"}],"curies":[{"name":"wp","href":"https:\/\/api.w.org\/{rel}","templated":true}]}}